{"id":1215,"date":"2026-02-23T12:53:38","date_gmt":"2026-02-23T10:53:38","guid":{"rendered":"https:\/\/musiquedansa.com\/musique\/?page_id=1215"},"modified":"2026-03-20T13:41:09","modified_gmt":"2026-03-20T11:41:09","slug":"inscripcio-campus-ritmes-destiu","status":"publish","type":"page","link":"https:\/\/musiquedansa.com\/musique\/inscripcio-campus-ritmes-destiu\/","title":{"rendered":"Inscripci\u00f3 Campus Ritmes d&#8217;Estiu"},"content":{"rendered":"<p>[et_pb_section fb_built=&#8221;1&#8243; custom_padding_last_edited=&#8221;on|phone&#8221; admin_label=&#8221;Header&#8221; _builder_version=&#8221;4.17.4&#8243; background_color=&#8221;#FFF1C6&#8243; background_color_gradient_direction=&#8221;140deg&#8221; background_enable_image=&#8221;off&#8221; background_enable_mask_style=&#8221;on&#8221; background_mask_style=&#8221;corner-square&#8221; max_width=&#8221;100%&#8221; custom_margin=&#8221;||||false|false&#8221; custom_margin_tablet=&#8221;||||false|false&#8221; custom_margin_phone=&#8221;13vw||-15vw||false|false&#8221; custom_margin_last_edited=&#8221;on|phone&#8221; custom_padding=&#8221;2vw||2vw|10vw|true|false&#8221; custom_padding_tablet=&#8221;2vw||2vw|10vw|true|false&#8221; custom_padding_phone=&#8221;49vw||0vw||false|false&#8221; locked=&#8221;off&#8221; global_colors_info=&#8221;{}&#8221;][et_pb_row _builder_version=&#8221;4.16&#8243; width=&#8221;90%&#8221; max_width=&#8221;none&#8221; locked=&#8221;off&#8221; global_colors_info=&#8221;{}&#8221;][et_pb_column type=&#8221;4_4&#8243; _builder_version=&#8221;4.16&#8243; global_colors_info=&#8221;{}&#8221;][et_pb_text _builder_version=&#8221;4.17.4&#8243; header_font=&#8221;Playfair Display|700|||||||&#8221; header_text_align=&#8221;left&#8221; header_font_size=&#8221;140px&#8221; header_line_height=&#8221;1.2em&#8221; header_2_font=&#8221;Playfair Display|700|||||||&#8221; header_2_font_size=&#8221;20px&#8221; header_2_line_height=&#8221;1.2em&#8221; custom_margin=&#8221;||1px|||&#8221; header_font_size_tablet=&#8221;80px&#8221; header_font_size_phone=&#8221;40px&#8221; header_font_size_last_edited=&#8221;on|phone&#8221; locked=&#8221;off&#8221; global_colors_info=&#8221;{}&#8221;]<\/p>\n<h1>Inscripci\u00f3 Campus<\/h1>\n<p>[\/et_pb_text][et_pb_text _builder_version=&#8221;4.17.4&#8243; header_font=&#8221;Playfair Display|700|||||||&#8221; header_text_align=&#8221;left&#8221; header_font_size=&#8221;140px&#8221; header_line_height=&#8221;1.2em&#8221; header_2_font=&#8221;Playfair Display|700|||||||&#8221; header_2_font_size=&#8221;20px&#8221; header_2_line_height=&#8221;1.2em&#8221; custom_padding=&#8221;|||12vh|false|false&#8221; header_font_size_tablet=&#8221;80px&#8221; header_font_size_phone=&#8221;40px&#8221; header_font_size_last_edited=&#8221;on|phone&#8221; locked=&#8221;off&#8221; global_colors_info=&#8221;{}&#8221;]<\/p>\n<h3>Omple el seg\u00fcent formulari d&#8217;inscripci\u00f3 per inscriure&#8217;t al Campus Ritmes d&#8217;Estiu<\/h3>\n<p>[\/et_pb_text][et_pb_divider color=&#8221;#FFF1C6&#8243; divider_weight=&#8221;7px&#8221; _builder_version=&#8221;4.17.4&#8243; _module_preset=&#8221;default&#8221; width=&#8221;38%&#8221; max_width=&#8221;48%&#8221; module_alignment=&#8221;left&#8221; custom_margin=&#8221;-3vh||||false|false&#8221; custom_padding=&#8221;|13vh||11vh|false|false&#8221; global_colors_info=&#8221;{}&#8221;][\/et_pb_divider][\/et_pb_column][\/et_pb_row][\/et_pb_section][et_pb_section fb_built=&#8221;1&#8243; admin_label=&#8221;Testimonials&#8221; _builder_version=&#8221;4.17.4&#8243; custom_margin=&#8221;-5vw||||false|false&#8221; custom_padding=&#8221;||0px|||&#8221; box_shadow_style=&#8221;preset7&#8243; box_shadow_horizontal=&#8221;8vw&#8221; box_shadow_vertical=&#8221;0px&#8221; box_shadow_color=&#8221;#FFF1C6&#8243; box_shadow_horizontal_tablet=&#8221;0vw&#8221; box_shadow_horizontal_phone=&#8221;&#8221; box_shadow_horizontal_last_edited=&#8221;on|phone&#8221; locked=&#8221;off&#8221; global_colors_info=&#8221;{}&#8221;][et_pb_row _builder_version=&#8221;4.17.4&#8243; width_tablet=&#8221;&#8221; width_phone=&#8221;95%&#8221; width_last_edited=&#8221;on|tablet&#8221; custom_padding=&#8221;0px||41px|||&#8221; border_color_all=&#8221;#2e444e&#8221; global_colors_info=&#8221;{}&#8221;][et_pb_column type=&#8221;4_4&#8243; _builder_version=&#8221;4.16&#8243; global_colors_info=&#8221;{}&#8221;][et_pb_code _builder_version=&#8221;4.17.4&#8243; _module_preset=&#8221;default&#8221; hover_enabled=&#8221;0&#8243; global_colors_info=&#8221;{}&#8221; sticky_enabled=&#8221;0&#8243;]<script type=\"text\/javascript\" src=\"https:\/\/form.jotform.com\/jsform\/260782791859374\"><\/script>[\/et_pb_code][\/et_pb_column][\/et_pb_row][\/et_pb_section]<\/p>\n","protected":false},"excerpt":{"rendered":"<p>Inscripci\u00f3 CampusOmple el seg\u00fcent formulari d&#8217;inscripci\u00f3 per inscriure&#8217;t al Campus Ritmes d&#8217;Estiu<\/p>\n","protected":false},"author":1,"featured_media":1216,"parent":0,"menu_order":0,"comment_status":"closed","ping_status":"closed","template":"","meta":{"_et_pb_use_builder":"on","_et_pb_old_content":"","_et_gb_content_width":"","footnotes":""},"folder":[],"class_list":["post-1215","page","type-page","status-publish","has-post-thumbnail","hentry"],"_links":{"self":[{"href":"https:\/\/musiquedansa.com\/musique\/wp-json\/wp\/v2\/pages\/1215","targetHints":{"allow":["GET"]}}],"collection":[{"href":"https:\/\/musiquedansa.com\/musique\/wp-json\/wp\/v2\/pages"}],"about":[{"href":"https:\/\/musiquedansa.com\/musique\/wp-json\/wp\/v2\/types\/page"}],"author":[{"embeddable":true,"href":"https:\/\/musiquedansa.com\/musique\/wp-json\/wp\/v2\/users\/1"}],"replies":[{"embeddable":true,"href":"https:\/\/musiquedansa.com\/musique\/wp-json\/wp\/v2\/comments?post=1215"}],"version-history":[{"count":4,"href":"https:\/\/musiquedansa.com\/musique\/wp-json\/wp\/v2\/pages\/1215\/revisions"}],"predecessor-version":[{"id":1232,"href":"https:\/\/musiquedansa.com\/musique\/wp-json\/wp\/v2\/pages\/1215\/revisions\/1232"}],"wp:featuredmedia":[{"embeddable":true,"href":"https:\/\/musiquedansa.com\/musique\/wp-json\/wp\/v2\/media\/1216"}],"wp:attachment":[{"href":"https:\/\/musiquedansa.com\/musique\/wp-json\/wp\/v2\/media?parent=1215"}],"wp:term":[{"taxonomy":"folder","embeddable":true,"href":"https:\/\/musiquedansa.com\/musique\/wp-json\/wp\/v2\/folder?post=1215"}],"curies":[{"name":"wp","href":"https:\/\/api.w.org\/{rel}","templated":true}]}}