{"id":958,"date":"2022-08-21T14:47:44","date_gmt":"2022-08-21T12:47:44","guid":{"rendered":"http:\/\/musiquedansa.com\/musique\/?page_id=958"},"modified":"2025-08-29T11:47:48","modified_gmt":"2025-08-29T09:47:48","slug":"horari","status":"publish","type":"page","link":"https:\/\/musiquedansa.com\/musique\/horari\/","title":{"rendered":"Horari 22-23"},"content":{"rendered":"<p>[et_pb_section fb_built=&#8221;1&#8243; custom_padding_last_edited=&#8221;on|phone&#8221; admin_label=&#8221;Header&#8221; _builder_version=&#8221;4.17.4&#8243; background_color=&#8221;#FFF1C6&#8243; background_color_gradient_direction=&#8221;140deg&#8221; background_enable_image=&#8221;off&#8221; background_enable_mask_style=&#8221;on&#8221; background_mask_style=&#8221;corner-square&#8221; max_width=&#8221;100%&#8221; custom_margin_tablet=&#8221;&#8221; custom_margin_phone=&#8221;||-15vw||false|false&#8221; custom_margin_last_edited=&#8221;on|phone&#8221; custom_padding=&#8221;2vw||2vw|10vw|true|false&#8221; custom_padding_tablet=&#8221;2vw||2vw|10vw|true|false&#8221; custom_padding_phone=&#8221;49vw||0vw||false|false&#8221; locked=&#8221;off&#8221; global_colors_info=&#8221;{}&#8221;][et_pb_row _builder_version=&#8221;4.16&#8243; width=&#8221;90%&#8221; max_width=&#8221;none&#8221; locked=&#8221;off&#8221; global_colors_info=&#8221;{}&#8221;][et_pb_column type=&#8221;4_4&#8243; _builder_version=&#8221;4.16&#8243; global_colors_info=&#8221;{}&#8221;][et_pb_text _builder_version=&#8221;4.17.4&#8243; header_font=&#8221;Playfair Display|700|||||||&#8221; header_text_align=&#8221;left&#8221; header_font_size=&#8221;140px&#8221; header_line_height=&#8221;1.2em&#8221; header_2_font=&#8221;Playfair Display|700|||||||&#8221; header_2_font_size=&#8221;20px&#8221; header_2_line_height=&#8221;1.2em&#8221; custom_margin=&#8221;||1px|||&#8221; header_font_size_tablet=&#8221;80px&#8221; header_font_size_phone=&#8221;40px&#8221; header_font_size_last_edited=&#8221;on|phone&#8221; locked=&#8221;off&#8221; global_colors_info=&#8221;{}&#8221;]<\/p>\n<h1>Horari<\/h1>\n<p>[\/et_pb_text][et_pb_text _builder_version=&#8221;4.17.1&#8243; header_font=&#8221;Playfair Display|700|||||||&#8221; header_text_align=&#8221;left&#8221; header_font_size=&#8221;140px&#8221; header_line_height=&#8221;1.2em&#8221; header_2_font=&#8221;Playfair Display|700|||||||&#8221; header_2_font_size=&#8221;20px&#8221; header_2_line_height=&#8221;1.2em&#8221; custom_padding=&#8221;|||12vh|false|false&#8221; header_font_size_tablet=&#8221;80px&#8221; header_font_size_phone=&#8221;40px&#8221; header_font_size_last_edited=&#8221;on|phone&#8221; locked=&#8221;off&#8221; global_colors_info=&#8221;{}&#8221;]<\/p>\n<h3>Vine a ballar amb nosaltres<\/h3>\n<p>[\/et_pb_text][et_pb_divider color=&#8221;#FFF1C6&#8243; divider_weight=&#8221;7px&#8221; _builder_version=&#8221;4.17.4&#8243; _module_preset=&#8221;default&#8221; width=&#8221;38%&#8221; max_width=&#8221;48%&#8221; module_alignment=&#8221;left&#8221; custom_margin=&#8221;-3vh||||false|false&#8221; custom_padding=&#8221;|13vh||11vh|false|false&#8221; global_colors_info=&#8221;{}&#8221;][\/et_pb_divider][\/et_pb_column][\/et_pb_row][\/et_pb_section][et_pb_section fb_built=&#8221;1&#8243; admin_label=&#8221;Testimonials&#8221; _builder_version=&#8221;4.17.4&#8243; custom_padding=&#8221;||0px|||&#8221; box_shadow_style=&#8221;preset7&#8243; box_shadow_horizontal=&#8221;8vw&#8221; box_shadow_vertical=&#8221;0px&#8221; box_shadow_color=&#8221;#FFF1C6&#8243; box_shadow_horizontal_tablet=&#8221;0vw&#8221; box_shadow_horizontal_phone=&#8221;&#8221; box_shadow_horizontal_last_edited=&#8221;on|phone&#8221; locked=&#8221;off&#8221; global_colors_info=&#8221;{}&#8221;][et_pb_row _builder_version=&#8221;4.16&#8243; custom_padding=&#8221;0px||41px|||&#8221; border_color_all=&#8221;#2e444e&#8221; global_colors_info=&#8221;{}&#8221;][et_pb_column type=&#8221;4_4&#8243; _builder_version=&#8221;4.16&#8243; global_colors_info=&#8221;{}&#8221;][et_pb_image src=&#8221;https:\/\/musiquedansa.com\/musique\/wp-content\/uploads\/2025\/08\/Horaris-scaled.png&#8221; disabled_on=&#8221;off|on|on&#8221; _builder_version=&#8221;4.17.4&#8243; _module_preset=&#8221;default&#8221; hover_enabled=&#8221;0&#8243; global_colors_info=&#8221;{}&#8221; sticky_enabled=&#8221;0&#8243;][\/et_pb_image][et_pb_code _builder_version=&#8221;4.17.4&#8243; _module_preset=&#8221;default&#8221; global_colors_info=&#8221;{}&#8221;]\n\t<!-- Custom css -->\n\t<style>\n\t\t\n\t\t\n\t\t\n\t\t\n\t\t\n\t\t\t<\/style>\n\n\t<div class=\"quick-timetable-wrapper shortcode shortcode-1\">\n\t\t\t<div class=\"quick-timetable\"><\/div>\n\t\n\t<div class=\"quick-timetable-option-list hidden-fields\">1<\/div>\n\t<div class=\"quick-timetable-option-view hidden-fields\">week<\/div>\n\t<div class=\"quick-timetable-option-mode hidden-fields\">day<\/div>\n\t<div class=\"quick-timetable-option-start hidden-fields\">monday<\/div>\n\t<div class=\"quick-timetable-option-category hidden-fields\">show<\/div>\n\t<div class=\"quick-timetable-option-nav hidden-fields\">show<\/div>\n\t<div class=\"quick-timetable-option-header-time hidden-fields\">show<\/div>\n\n\t<div class=\"quick-timetable-word-all-category hidden-fields\">Totes les edats<\/div>\n\n\t<div class=\"quick-timetable-word-day-mon hidden-fields\">Dilluns<\/div>\n\t<div class=\"quick-timetable-word-day-tue hidden-fields\">Dimarts<\/div>\n\t<div class=\"quick-timetable-word-day-wed hidden-fields\">Dimecres<\/div>\n\t<div class=\"quick-timetable-word-day-thu hidden-fields\">Dijous<\/div>\n\t<div class=\"quick-timetable-word-day-fri hidden-fields\">Divendres<\/div>\n\t<div class=\"quick-timetable-word-day-sat hidden-fields\">Dissabte<\/div>\n\t<div class=\"quick-timetable-word-day-sun hidden-fields\">Diumenge<\/div>\n\n\t<div class=\"quick-timetable-word-month-1 hidden-fields\">Gener<\/div>\n\t<div class=\"quick-timetable-word-month-2 hidden-fields\">Febrer<\/div>\n\t<div class=\"quick-timetable-word-month-3 hidden-fields\">Mar\u00e7<\/div>\n\t<div class=\"quick-timetable-word-month-4 hidden-fields\">Abril<\/div>\n\t<div class=\"quick-timetable-word-month-5 hidden-fields\">Maig<\/div>\n\t<div class=\"quick-timetable-word-month-6 hidden-fields\">Juny<\/div>\n\t<div class=\"quick-timetable-word-month-7 hidden-fields\">Juliol<\/div>\n\t<div class=\"quick-timetable-word-month-8 hidden-fields\">Agost<\/div>\n\t<div class=\"quick-timetable-word-month-9 hidden-fields\">Setembre<\/div>\n\t<div class=\"quick-timetable-word-month-10 hidden-fields\">Octubre<\/div>\n\t<div class=\"quick-timetable-word-month-11 hidden-fields\">Novembre<\/div>\n\t<div class=\"quick-timetable-word-month-12 hidden-fields\">Desembre<\/div>\n\t\n\t<div class=\"quick-timetable-home-url hidden-fields\">https:\/\/musiquedansa.com\/musique\/<\/div>\n\t<div class=\"quick-timetable-plugin-url hidden-fields\">https:\/\/musiquedansa.com\/musique\/wp-content\/plugins\/quick-timetable<\/div>\n\t<\/div>\n\t\n\t\t\n\t [\/et_pb_code][et_pb_button button_url=&#8221;@ET-DC@eyJkeW5hbWljIjp0cnVlLCJjb250ZW50IjoicG9zdF9saW5rX3VybF9wYWdlIiwic2V0dGluZ3MiOnsicG9zdF9pZCI6Ijk3MSJ9fQ==@&#8221; button_text=&#8221;Fes la teva inscripci\u00f3&#8221; button_alignment=&#8221;center&#8221; _builder_version=&#8221;4.17.4&#8243; _dynamic_attributes=&#8221;button_url&#8221; _module_preset=&#8221;default&#8221; custom_button=&#8221;on&#8221; button_text_color=&#8221;#000000&#8243; button_bg_color=&#8221;#FFF1C6&#8243; button_border_width=&#8221;0px&#8221; global_colors_info=&#8221;{}&#8221;][\/et_pb_button][\/et_pb_column][\/et_pb_row][\/et_pb_section][et_pb_section fb_built=&#8221;1&#8243; _builder_version=&#8221;4.17.4&#8243; _module_preset=&#8221;default&#8221; custom_padding=&#8221;||0px|||&#8221; global_colors_info=&#8221;{}&#8221;][et_pb_row _builder_version=&#8221;4.17.4&#8243; _module_preset=&#8221;default&#8221; global_colors_info=&#8221;{}&#8221;][et_pb_column type=&#8221;4_4&#8243; _builder_version=&#8221;4.17.4&#8243; _module_preset=&#8221;default&#8221; global_colors_info=&#8221;{}&#8221;][et_pb_text _builder_version=&#8221;4.17.4&#8243; header_font=&#8221;Playfair Display|700|||||||&#8221; header_text_align=&#8221;left&#8221; header_font_size=&#8221;140px&#8221; header_line_height=&#8221;1.2em&#8221; header_2_font=&#8221;Playfair Display|700|||||||&#8221; header_2_font_size=&#8221;20px&#8221; header_2_line_height=&#8221;1.2em&#8221; custom_padding=&#8221;|||12vh|false|false&#8221; header_font_size_tablet=&#8221;80px&#8221; header_font_size_phone=&#8221;40px&#8221; header_font_size_last_edited=&#8221;on|phone&#8221; locked=&#8221;off&#8221; global_colors_info=&#8221;{}&#8221;]<\/p>\n<h3>Preus<\/h3>\n<p>[\/et_pb_text][et_pb_divider color=&#8221;#FFF1C6&#8243; divider_weight=&#8221;7px&#8221; _builder_version=&#8221;4.17.4&#8243; _module_preset=&#8221;default&#8221; width=&#8221;38%&#8221; max_width=&#8221;48%&#8221; module_alignment=&#8221;left&#8221; custom_margin=&#8221;-3vh||||false|false&#8221; custom_padding=&#8221;|13vh||11vh|false|false&#8221; global_colors_info=&#8221;{}&#8221;][\/et_pb_divider][et_pb_text _builder_version=&#8221;4.17.4&#8243; _module_preset=&#8221;default&#8221; global_colors_info=&#8221;{}&#8221;]<\/p>\n<ul>\n<li>Classe solta: 10\u20ac<\/li>\n<li>Matr\u00edcula: 50\u20ac (Es paga un sol cop)<\/li>\n<li>Asseguran\u00e7a m\u00e8dica: 25\u20ac (Es paga un sol cop a l&#8217;any)<\/li>\n<\/ul>\n<p>[\/et_pb_text][\/et_pb_column][\/et_pb_row][\/et_pb_section][et_pb_section fb_built=&#8221;1&#8243; _builder_version=&#8221;4.17.4&#8243; _module_preset=&#8221;default&#8221; custom_padding=&#8221;0px|||||&#8221; global_colors_info=&#8221;{}&#8221;][et_pb_row column_structure=&#8221;1_3,1_3,1_3&#8243; _builder_version=&#8221;4.17.4&#8243; _module_preset=&#8221;default&#8221; global_colors_info=&#8221;{}&#8221;][et_pb_column type=&#8221;1_3&#8243; _builder_version=&#8221;4.17.4&#8243; _module_preset=&#8221;default&#8221; global_colors_info=&#8221;{}&#8221;][et_pb_toggle title=&#8221;Preus Classes regulars&#8221; open=&#8221;on&#8221; open_toggle_text_color=&#8221;#000000&#8243; open_toggle_background_color=&#8221;#FFF1C6&#8243; closed_toggle_text_color=&#8221;#000000&#8243; closed_toggle_background_color=&#8221;#FFF1C6&#8243; icon_color=&#8221;#000000&#8243; toggle_icon=&#8221;&#xf51e;||fa||900&#8243; use_icon_font_size=&#8221;on&#8221; icon_font_size=&#8221;19px&#8221; open_icon_color=&#8221;#000000&#8243; _builder_version=&#8221;4.17.4&#8243; _module_preset=&#8221;default&#8221; title_text_color=&#8221;#000000&#8243; title_font=&#8221;|700||on|||||&#8221; title_text_align=&#8221;justify&#8221; closed_title_font=&#8221;|600||on|||||&#8221; width=&#8221;100%&#8221; max_width=&#8221;100%&#8221; module_alignment=&#8221;center&#8221; custom_margin=&#8221;||||false|false&#8221; custom_padding=&#8221;||||false|false&#8221; box_shadow_style=&#8221;preset1&#8243; global_colors_info=&#8221;{}&#8221;]<\/p>\n<ul>\n<li>1 classe set: 40\u20ac\/mes<\/li>\n<li>2 classes set.: 50\u20ac\/mes<\/li>\n<li>3 classes set: 70\u20ac\/mes<\/li>\n<li>4 classes set: 80\u20ac\/mes<\/li>\n<li>5 classes set: 100\u20ac\/mes<\/li>\n<li>6 classes set: 110\u20ac\/mes<\/li>\n<\/ul>\n<p>BABY I HIP HOP +35<\/p>\n<ul>\n<li>1 classe set: 37\u20ac\/mes<\/li>\n<\/ul>\n<p>[\/et_pb_toggle][et_pb_toggle title=&#8221;Contemporani fusi\u00f3 avan\u00e7at (75 min)&#8221; open=&#8221;on&#8221; open_toggle_text_color=&#8221;#000000&#8243; open_toggle_background_color=&#8221;#FFF1C6&#8243; closed_toggle_text_color=&#8221;#000000&#8243; closed_toggle_background_color=&#8221;#FFF1C6&#8243; icon_color=&#8221;#000000&#8243; toggle_icon=&#8221;&#xf51e;||fa||900&#8243; use_icon_font_size=&#8221;on&#8221; icon_font_size=&#8221;19px&#8221; open_icon_color=&#8221;#000000&#8243; _builder_version=&#8221;4.17.4&#8243; _module_preset=&#8221;default&#8221; title_text_color=&#8221;#000000&#8243; title_font=&#8221;|700||on|||||&#8221; title_text_align=&#8221;justify&#8221; closed_title_font=&#8221;|600||on|||||&#8221; width=&#8221;100%&#8221; max_width=&#8221;100%&#8221; module_alignment=&#8221;center&#8221; custom_margin=&#8221;||||false|false&#8221; custom_padding=&#8221;||||false|false&#8221; box_shadow_style=&#8221;preset1&#8243; global_colors_info=&#8221;{}&#8221;]<\/p>\n<ul>\n<li>1 classe set: 45\u20ac\/mes<\/li>\n<\/ul>\n<p>Si a m\u00e9s d&#8217;aquesta classe fas m\u00e9s classes regulars, aquesta es converteix tamb\u00e9 en una classe regular.<\/p>\n<p>[\/et_pb_toggle][\/et_pb_column][et_pb_column type=&#8221;1_3&#8243; _builder_version=&#8221;4.17.4&#8243; _module_preset=&#8221;default&#8221; global_colors_info=&#8221;{}&#8221;][et_pb_toggle title=&#8221;Preus Training Junior&#8221; open=&#8221;on&#8221; open_toggle_text_color=&#8221;#000000&#8243; open_toggle_background_color=&#8221;#FFF1C6&#8243; closed_toggle_text_color=&#8221;#000000&#8243; closed_toggle_background_color=&#8221;#FFF1C6&#8243; icon_color=&#8221;#000000&#8243; toggle_icon=&#8221;&#xf51e;||fa||900&#8243; use_icon_font_size=&#8221;on&#8221; icon_font_size=&#8221;19px&#8221; open_icon_color=&#8221;#000000&#8243; _builder_version=&#8221;4.17.4&#8243; _module_preset=&#8221;default&#8221; title_text_color=&#8221;#000000&#8243; title_font=&#8221;|700||on|||||&#8221; title_text_align=&#8221;justify&#8221; closed_title_font=&#8221;|600||on|||||&#8221; width=&#8221;100%&#8221; max_width=&#8221;100%&#8221; module_alignment=&#8221;center&#8221; custom_margin=&#8221;||||false|false&#8221; custom_padding=&#8221;||||false|false&#8221; box_shadow_style=&#8221;preset1&#8243; global_colors_info=&#8221;{}&#8221;]<\/p>\n<ul>\n<li>Training Junior Divendres: 45\u20ac\/mes<\/li>\n<li>Combinant amb altres classes: 25\u20ac\/mes<\/li>\n<\/ul>\n<p>[\/et_pb_toggle][et_pb_toggle title=&#8221;Preus Training Dimarts i Dijous (90 min)&#8221; open=&#8221;on&#8221; open_toggle_text_color=&#8221;#000000&#8243; open_toggle_background_color=&#8221;#FFF1C6&#8243; closed_toggle_text_color=&#8221;#000000&#8243; closed_toggle_background_color=&#8221;#FFF1C6&#8243; icon_color=&#8221;#000000&#8243; toggle_icon=&#8221;&#xf51e;||fa||900&#8243; use_icon_font_size=&#8221;on&#8221; icon_font_size=&#8221;19px&#8221; open_icon_color=&#8221;#000000&#8243; _builder_version=&#8221;4.17.4&#8243; _module_preset=&#8221;default&#8221; title_text_color=&#8221;#000000&#8243; title_font=&#8221;|700||on|||||&#8221; title_text_align=&#8221;justify&#8221; closed_title_font=&#8221;|600||on|||||&#8221; width=&#8221;100%&#8221; max_width=&#8221;100%&#8221; module_alignment=&#8221;center&#8221; custom_margin=&#8221;||||false|false&#8221; custom_padding=&#8221;||||false|false&#8221; box_shadow_style=&#8221;preset1&#8243; global_colors_info=&#8221;{}&#8221;]<\/p>\n<ul>\n<li>1 training: 45\u20ac\/mes<\/li>\n<li>2 training: 65\u20ac\/mes<\/li>\n<\/ul>\n<p><strong>1 Training combinat amb classes regulars<\/strong><\/p>\n<ul>\n<li>1 training + 1 classe regular: 55\u20ac\/mes<\/li>\n<li>1 training + 2 classes regulars: 75\u20ac\/mes<\/li>\n<li>1 training + 3 classes regulars: 85\u20ac\/mes<\/li>\n<li>1 training + 4 classes regulars: 105\u20ac\/mes<\/li>\n<\/ul>\n<p><strong>2 Trainings combinat amb classes regulars<\/strong><\/p>\n<ul>\n<li>2 trainings + 1 classe regular: 75\u20ac\/mes<\/li>\n<li>2 trainings + 2 classes regulars: 85\u20ac\/mes<\/li>\n<li>2 trainings + 3 classes regulars: 105\u20ac\/mes<\/li>\n<li>2 trainings + 4 classes regulars: 115\u20ac\/mes<\/li>\n<\/ul>\n<p>[\/et_pb_toggle][\/et_pb_column][et_pb_column type=&#8221;1_3&#8243; _builder_version=&#8221;4.17.4&#8243; _module_preset=&#8221;default&#8221; global_colors_info=&#8221;{}&#8221;][et_pb_toggle title=&#8221;Entrenaments de competicions&#8221; open=&#8221;on&#8221; open_toggle_text_color=&#8221;#000000&#8243; open_toggle_background_color=&#8221;#FFF1C6&#8243; closed_toggle_text_color=&#8221;#000000&#8243; closed_toggle_background_color=&#8221;#FFF1C6&#8243; icon_color=&#8221;#000000&#8243; toggle_icon=&#8221;&#xf51e;||fa||900&#8243; use_icon_font_size=&#8221;on&#8221; icon_font_size=&#8221;19px&#8221; open_icon_color=&#8221;#000000&#8243; _builder_version=&#8221;4.17.4&#8243; _module_preset=&#8221;default&#8221; title_text_color=&#8221;#000000&#8243; title_font=&#8221;|700||on|||||&#8221; title_text_align=&#8221;justify&#8221; closed_title_font=&#8221;|600||on|||||&#8221; width=&#8221;100%&#8221; max_width=&#8221;100%&#8221; module_alignment=&#8221;center&#8221; custom_margin=&#8221;||||false|false&#8221; custom_padding=&#8221;||||false|false&#8221; box_shadow_style=&#8221;preset1&#8243; global_colors_info=&#8221;{}&#8221;]<\/p>\n<ul>\n<li>30\u20ac\/mes<\/li>\n<\/ul>\n<p>[\/et_pb_toggle][et_pb_toggle title=&#8221;Formaci\u00f3 Dissabte&#8221; open=&#8221;on&#8221; open_toggle_text_color=&#8221;#000000&#8243; open_toggle_background_color=&#8221;#FFF1C6&#8243; closed_toggle_text_color=&#8221;#000000&#8243; closed_toggle_background_color=&#8221;#FFF1C6&#8243; icon_color=&#8221;#000000&#8243; toggle_icon=&#8221;&#xf51e;||fa||900&#8243; use_icon_font_size=&#8221;on&#8221; icon_font_size=&#8221;19px&#8221; open_icon_color=&#8221;#000000&#8243; _builder_version=&#8221;4.17.4&#8243; _module_preset=&#8221;default&#8221; title_text_color=&#8221;#000000&#8243; title_font=&#8221;|700||on|||||&#8221; title_text_align=&#8221;justify&#8221; closed_title_font=&#8221;|600||on|||||&#8221; width=&#8221;100%&#8221; max_width=&#8221;100%&#8221; module_alignment=&#8221;center&#8221; custom_margin=&#8221;||||false|false&#8221; custom_padding=&#8221;||||false|false&#8221; box_shadow_style=&#8221;preset1&#8243; global_colors_info=&#8221;{}&#8221;]<\/p>\n<ul>\n<li>80\u20ac\/mes<\/li>\n<\/ul>\n<p>[\/et_pb_toggle][et_pb_toggle title=&#8221;VIP&#8221; open=&#8221;on&#8221; open_toggle_text_color=&#8221;#000000&#8243; open_toggle_background_color=&#8221;#FFF1C6&#8243; closed_toggle_text_color=&#8221;#000000&#8243; closed_toggle_background_color=&#8221;#FFF1C6&#8243; icon_color=&#8221;#000000&#8243; toggle_icon=&#8221;&#xf51e;||fa||900&#8243; use_icon_font_size=&#8221;on&#8221; icon_font_size=&#8221;19px&#8221; open_icon_color=&#8221;#000000&#8243; _builder_version=&#8221;4.17.4&#8243; _module_preset=&#8221;default&#8221; title_text_color=&#8221;#000000&#8243; title_font=&#8221;|700||on|||||&#8221; title_text_align=&#8221;justify&#8221; closed_title_font=&#8221;|600||on|||||&#8221; width=&#8221;100%&#8221; max_width=&#8221;100%&#8221; module_alignment=&#8221;center&#8221; custom_margin=&#8221;||||false|false&#8221; custom_padding=&#8221;||||false|false&#8221; box_shadow_style=&#8221;preset1&#8243; global_colors_info=&#8221;{}&#8221;]<\/p>\n<ul>\n<li>160\u20ac\/mes<\/li>\n<\/ul>\n<p>[\/et_pb_toggle][\/et_pb_column][\/et_pb_row][\/et_pb_section]<\/p>\n","protected":false},"excerpt":{"rendered":"<p>HorariVine a ballar amb nosaltres\n\t<!-- Custom css -->\n\t<style>\n\t\t\n\t\t\n\t\t\n\t\t\n\t\t\n\t\t\t<\/style>\n\n\t<div class=\"quick-timetable-wrapper shortcode shortcode-2\">\n\t\t\t<div class=\"quick-timetable\"><\/div>\n\t\n\t<div class=\"quick-timetable-option-list hidden-fields\">1<\/div>\n\t<div class=\"quick-timetable-option-view hidden-fields\">week<\/div>\n\t<div class=\"quick-timetable-option-mode hidden-fields\">day<\/div>\n\t<div class=\"quick-timetable-option-start hidden-fields\">monday<\/div>\n\t<div class=\"quick-timetable-option-category hidden-fields\">show<\/div>\n\t<div class=\"quick-timetable-option-nav hidden-fields\">show<\/div>\n\t<div class=\"quick-timetable-option-header-time hidden-fields\">show<\/div>\n\n\t<div class=\"quick-timetable-word-all-category hidden-fields\">Totes les edats<\/div>\n\n\t<div class=\"quick-timetable-word-day-mon hidden-fields\">Dilluns<\/div>\n\t<div class=\"quick-timetable-word-day-tue hidden-fields\">Dimarts<\/div>\n\t<div class=\"quick-timetable-word-day-wed hidden-fields\">Dimecres<\/div>\n\t<div class=\"quick-timetable-word-day-thu hidden-fields\">Dijous<\/div>\n\t<div class=\"quick-timetable-word-day-fri hidden-fields\">Divendres<\/div>\n\t<div class=\"quick-timetable-word-day-sat hidden-fields\">Dissabte<\/div>\n\t<div class=\"quick-timetable-word-day-sun hidden-fields\">Diumenge<\/div>\n\n\t<div class=\"quick-timetable-word-month-1 hidden-fields\">Gener<\/div>\n\t<div class=\"quick-timetable-word-month-2 hidden-fields\">Febrer<\/div>\n\t<div class=\"quick-timetable-word-month-3 hidden-fields\">Mar\u00e7<\/div>\n\t<div class=\"quick-timetable-word-month-4 hidden-fields\">Abril<\/div>\n\t<div class=\"quick-timetable-word-month-5 hidden-fields\">Maig<\/div>\n\t<div class=\"quick-timetable-word-month-6 hidden-fields\">Juny<\/div>\n\t<div class=\"quick-timetable-word-month-7 hidden-fields\">Juliol<\/div>\n\t<div class=\"quick-timetable-word-month-8 hidden-fields\">Agost<\/div>\n\t<div class=\"quick-timetable-word-month-9 hidden-fields\">Setembre<\/div>\n\t<div class=\"quick-timetable-word-month-10 hidden-fields\">Octubre<\/div>\n\t<div class=\"quick-timetable-word-month-11 hidden-fields\">Novembre<\/div>\n\t<div class=\"quick-timetable-word-month-12 hidden-fields\">Desembre<\/div>\n\t\n\t<div class=\"quick-timetable-home-url hidden-fields\">https:\/\/musiquedansa.com\/musique\/<\/div>\n\t<div class=\"quick-timetable-plugin-url hidden-fields\">https:\/\/musiquedansa.com\/musique\/wp-content\/plugins\/quick-timetable<\/div>\n\t<\/div>\n\t\n\t\t\n\t Preus Classe solta: 10\u20ac Matr\u00edcula: 50\u20ac (Es paga un sol cop) Asseguran\u00e7a m\u00e8dica: 25\u20ac (Es paga un sol cop a l&#8217;any) 1 classe set: 40\u20ac\/mes 2 classes set.: 50\u20ac\/mes 3 classes set: 70\u20ac\/mes 4 classes set: 80\u20ac\/mes 5 classes set: 100\u20ac\/mes 6 classes set: 110\u20ac\/mes BABY I [&hellip;]<\/p>\n","protected":false},"author":1,"featured_media":0,"parent":0,"menu_order":0,"comment_status":"closed","ping_status":"closed","template":"","meta":{"_et_pb_use_builder":"on","_et_pb_old_content":"","_et_gb_content_width":"","footnotes":""},"folder":[],"class_list":["post-958","page","type-page","status-publish","hentry"],"_links":{"self":[{"href":"https:\/\/musiquedansa.com\/musique\/wp-json\/wp\/v2\/pages\/958","targetHints":{"allow":["GET"]}}],"collection":[{"href":"https:\/\/musiquedansa.com\/musique\/wp-json\/wp\/v2\/pages"}],"about":[{"href":"https:\/\/musiquedansa.com\/musique\/wp-json\/wp\/v2\/types\/page"}],"author":[{"embeddable":true,"href":"https:\/\/musiquedansa.com\/musique\/wp-json\/wp\/v2\/users\/1"}],"replies":[{"embeddable":true,"href":"https:\/\/musiquedansa.com\/musique\/wp-json\/wp\/v2\/comments?post=958"}],"version-history":[{"count":30,"href":"https:\/\/musiquedansa.com\/musique\/wp-json\/wp\/v2\/pages\/958\/revisions"}],"predecessor-version":[{"id":1213,"href":"https:\/\/musiquedansa.com\/musique\/wp-json\/wp\/v2\/pages\/958\/revisions\/1213"}],"wp:attachment":[{"href":"https:\/\/musiquedansa.com\/musique\/wp-json\/wp\/v2\/media?parent=958"}],"wp:term":[{"taxonomy":"folder","embeddable":true,"href":"https:\/\/musiquedansa.com\/musique\/wp-json\/wp\/v2\/folder?post=958"}],"curies":[{"name":"wp","href":"https:\/\/api.w.org\/{rel}","templated":true}]}}